{"id":225799,"date":"2021-11-30T18:06:07","date_gmt":"2021-11-30T23:06:07","guid":{"rendered":"https:\/\/heladeriatimmy.com\/desayunosorpresa\/?page_id=225799"},"modified":"2025-06-15T17:46:40","modified_gmt":"2025-06-15T22:46:40","slug":"home","status":"publish","type":"page","link":"https:\/\/heladeriatimmy.com\/desayunosorpresa\/","title":{"rendered":"Home"},"content":{"rendered":"<p>[et_pb_section fb_built=\u00bb1&#8243; fullwidth=\u00bbon\u00bb admin_label=\u00bbHeader Section\u00bb _builder_version=\u00bb4.16&#8243; background_color=\u00bb#000000&#8243; custom_padding=\u00bb|||\u00bb da_disable_devices=\u00bboff|off|off\u00bb global_colors_info=\u00bb{}\u00bb da_is_popup=\u00bboff\u00bb da_exit_intent=\u00bboff\u00bb da_has_close=\u00bbon\u00bb da_alt_close=\u00bboff\u00bb da_dark_close=\u00bboff\u00bb da_not_modal=\u00bbon\u00bb da_is_singular=\u00bboff\u00bb da_with_loader=\u00bboff\u00bb da_has_shadow=\u00bbon\u00bb][et_pb_fullwidth_header title=\u00bbGracias por venir\u00bb subhead=\u00bb#M\u00e1sQueUnaHelader\u00eda\u00bb text_orientation=\u00bbright\u00bb header_fullscreen=\u00bbon\u00bb header_scroll_down=\u00bbon\u00bb scroll_down_icon=\u00bb%%2%%\u00bb scroll_down_icon_color=\u00bb#ffffff\u00bb button_one_text=\u00bbNuestro Men\u00fa\u00bb button_one_url=\u00bb\/nuestro-menu\u00bb button_two_text=\u00bbOasis\u00bb button_two_url=\u00bb\/oasis\u00bb background_overlay_color=\u00bbrgba(63,16,1,0.31)\u00bb logo_image_url=\u00bbhttps:\/\/heladeriatimmy.com\/desayunosorpresa\/wp-content\/uploads\/2021\/11\/Logo-700-timmy.fw_.png\u00bb content_max_width_last_edited=\u00bboff|desktop\u00bb admin_label=\u00bbContents\u00bb _builder_version=\u00bb4.16&#8243; title_font=\u00bbAcme||||||||\u00bb title_text_align=\u00bbcenter\u00bb title_font_size=\u00bb80px\u00bb title_letter_spacing=\u00bb0.05em\u00bb title_line_height=\u00bb0.9em\u00bb subhead_font=\u00bbNunito|600|||||||\u00bb subhead_font_size=\u00bb20px\u00bb subhead_line_height=\u00bb1.9em\u00bb background_enable_color=\u00bboff\u00bb background_image=\u00bbhttps:\/\/heladeriatimmy.com\/desayunosorpresa\/wp-content\/uploads\/2021\/11\/Helado-Cuello-de-Jirafa-Cota.jpg\u00bb parallax=\u00bbon\u00bb parallax_method=\u00bbon\u00bb custom_button_one=\u00bbon\u00bb button_one_text_size=\u00bb30px\u00bb button_one_text_color=\u00bb#FFFFFF\u00bb button_one_bg_color=\u00bbRGBA(0,0,0,0)\u00bb button_one_border_width=\u00bb2px\u00bb button_one_border_color=\u00bb#dd8800&#8243; button_one_border_radius=\u00bb0px\u00bb button_one_letter_spacing=\u00bb0px\u00bb button_one_font=\u00bbAcme||||||||\u00bb button_one_use_icon=\u00bboff\u00bb button_one_custom_padding=\u00bb5px||5px||true|false\u00bb custom_button_two=\u00bbon\u00bb button_two_text_size=\u00bb30px\u00bb button_two_text_color=\u00bb#FFFFFF\u00bb button_two_bg_color=\u00bbRGBA(0,0,0,0)\u00bb button_two_border_width=\u00bb2px\u00bb button_two_border_color=\u00bb#dd8800&#8243; button_two_border_radius=\u00bb0px\u00bb button_two_letter_spacing=\u00bb0px\u00bb button_two_font=\u00bbAcme||||||||\u00bb button_two_use_icon=\u00bboff\u00bb button_two_custom_padding=\u00bb5px||5px||true|false\u00bb animation_style=\u00bbfade\u00bb animation_starting_opacity=\u00bb50%\u00bb animation_speed_curve=\u00bbease-in\u00bb title_font_size_tablet=\u00bb60px\u00bb title_font_size_phone=\u00bb40px\u00bb title_font_size_last_edited=\u00bbon|tablet\u00bb custom_css_logo=\u00bbwidth: 20%\u00bb title_text_shadow_style=\u00bbpreset5&#8243; title_text_shadow_color=\u00bbrgba(102,48,12,0.4)\u00bb button_one_border_color_hover=\u00bb#c99872&#8243; button_one_border_radius_hover=\u00bb0px\u00bb button_one_letter_spacing_hover=\u00bb3px\u00bb button_one_bg_color_hover=\u00bb#c99872&#8243; global_colors_info=\u00bb{}\u00bb button_one_text_size__hover_enabled=\u00bboff\u00bb button_two_text_size__hover_enabled=\u00bboff\u00bb button_one_text_color__hover_enabled=\u00bboff\u00bb button_two_text_color__hover_enabled=\u00bboff\u00bb button_one_border_width__hover_enabled=\u00bboff\u00bb button_two_border_width__hover_enabled=\u00bboff\u00bb button_one_border_color__hover_enabled=\u00bbon\u00bb button_one_border_color__hover=\u00bb#E09900&#8243; button_two_border_color__hover_enabled=\u00bbon\u00bb button_one_border_radius__hover_enabled=\u00bbon\u00bb button_one_border_radius__hover=\u00bb0px\u00bb button_two_border_radius__hover_enabled=\u00bbon\u00bb button_one_letter_spacing__hover_enabled=\u00bbon\u00bb button_one_letter_spacing__hover=\u00bb1px\u00bb button_two_letter_spacing__hover_enabled=\u00bbon\u00bb button_one_bg_color__hover_enabled=\u00bbon|hover\u00bb button_one_bg_color__hover=\u00bb#E09900&#8243; button_two_bg_color__hover_enabled=\u00bbon|hover\u00bb button_two_bg_color__hover=\u00bb#E09900&#8243; button_two_border_color__hover=\u00bb#E09900&#8243; button_two_border_radius__hover=\u00bb0px\u00bb button_two_letter_spacing__hover=\u00bb1px\u00bb button_two_bg_enable_color__hover=\u00bbon\u00bb custom_css_logo_last_edited=\u00bbon|phone\u00bb custom_css_logo_phone=\u00bbwidth: 60%;||display: flex;||margin-left: auto;||margin-right: auto;||margin-bottom: 30px||\u00bb custom_css_logo_tablet=\u00bbwidth: 20%\u00bb][\/et_pb_fullwidth_header][\/et_pb_section][et_pb_section fb_built=\u00bb1&#8243; admin_label=\u00bbGallery\u00bb _builder_version=\u00bb4.16&#8243; background_color_gradient_direction=\u00bb90deg\u00bb custom_padding=\u00bb0px|0px|0px|0px\u00bb da_disable_devices=\u00bboff|off|off\u00bb locked=\u00bboff\u00bb global_colors_info=\u00bb{}\u00bb da_is_popup=\u00bboff\u00bb da_exit_intent=\u00bboff\u00bb da_has_close=\u00bbon\u00bb da_alt_close=\u00bboff\u00bb da_dark_close=\u00bboff\u00bb da_not_modal=\u00bbon\u00bb da_is_singular=\u00bboff\u00bb da_with_loader=\u00bboff\u00bb da_has_shadow=\u00bbon\u00bb][et_pb_row column_structure=\u00bb1_3,1_3,1_3&#8243; use_custom_gutter=\u00bbon\u00bb gutter_width=\u00bb1&#8243; make_equal=\u00bbon\u00bb admin_label=\u00bbBest Beans Row\u00bb module_class=\u00bb et_pb_row_fullwidth\u00bb _builder_version=\u00bb4.16&#8243; background_color=\u00bb#000000&#8243; width=\u00bb100%\u00bb width_tablet=\u00bb100%\u00bb width_phone=\u00bb\u00bb width_last_edited=\u00bbon|desktop\u00bb max_width=\u00bb100%\u00bb max_width_tablet=\u00bb100%\u00bb max_width_phone=\u00bb\u00bb max_width_last_edited=\u00bbon|desktop\u00bb custom_margin=\u00bb|||\u00bb custom_padding=\u00bb0px|0px|0px|0px\u00bb make_fullwidth=\u00bbon\u00bb global_colors_info=\u00bb{}\u00bb][et_pb_column type=\u00bb1_3&#8243; _builder_version=\u00bb4.16&#8243; custom_padding=\u00bb|||\u00bb global_colors_info=\u00bb{}\u00bb custom_padding__hover=\u00bb|||\u00bb][et_pb_image src=\u00bbhttps:\/\/heladeriatimmy.com\/desayunosorpresa\/wp-content\/uploads\/2023\/09\/Philly-Cheesse.jpeg\u00bb title_text=\u00bbPhilly Cheesse\u00bb align_tablet=\u00bbcenter\u00bb align_phone=\u00bb\u00bb align_last_edited=\u00bbon|desktop\u00bb _builder_version=\u00bb4.27.4&#8243; background_color=\u00bbRGBA(0,0,0,0)\u00bb filter_opacity=\u00bb70%\u00bb hover_enabled=\u00bb0&#8243; locked=\u00bboff\u00bb global_colors_info=\u00bb{}\u00bb sticky_enabled=\u00bb0&#8243; width=\u00bb93.6%\u00bb min_height=\u00bb443px\u00bb][\/et_pb_image][\/et_pb_column][et_pb_column type=\u00bb1_3&#8243; _builder_version=\u00bb4.16&#8243; custom_padding=\u00bb|||\u00bb global_colors_info=\u00bb{}\u00bb custom_padding__hover=\u00bb|||\u00bb][et_pb_image src=\u00bbhttps:\/\/heladeriatimmy.com\/desayunosorpresa\/wp-content\/uploads\/2025\/06\/IMG-20250521-WA0032-819&#215;1024.jpg\u00bb title_text=\u00bbIMG-20250521-WA0032&#8243; align_tablet=\u00bbcenter\u00bb align_phone=\u00bb\u00bb align_last_edited=\u00bbon|desktop\u00bb _builder_version=\u00bb4.27.4&#8243; background_color=\u00bbRGBA(0,0,0,0)\u00bb filter_opacity=\u00bb70%\u00bb hover_enabled=\u00bb0&#8243; global_colors_info=\u00bb{}\u00bb sticky_enabled=\u00bb0&#8243; module_alignment=\u00bbcenter\u00bb width=\u00bb74.9%\u00bb min_height=\u00bb445.7px\u00bb][\/et_pb_image][\/et_pb_column][et_pb_column type=\u00bb1_3&#8243; _builder_version=\u00bb4.16&#8243; custom_padding=\u00bb|||\u00bb global_colors_info=\u00bb{}\u00bb custom_padding__hover=\u00bb|||\u00bb][et_pb_image src=\u00bbhttps:\/\/heladeriatimmy.com\/desayunosorpresa\/wp-content\/uploads\/2023\/09\/Helado-soft-con-toppings-300&#215;300.jpeg\u00bb title_text=\u00bbHelado soft con toppings\u00bb force_fullwidth=\u00bbon\u00bb align_tablet=\u00bbcenter\u00bb align_phone=\u00bb\u00bb align_last_edited=\u00bbon|desktop\u00bb _builder_version=\u00bb4.27.4&#8243; background_color=\u00bbRGBA(0,0,0,0)\u00bb filter_opacity=\u00bb70%\u00bb hover_enabled=\u00bb0&#8243; locked=\u00bboff\u00bb global_colors_info=\u00bb{}\u00bb sticky_enabled=\u00bb0&#8243; min_height=\u00bb416.3px\u00bb][\/et_pb_image][\/et_pb_column][\/et_pb_row][\/et_pb_section][et_pb_section fb_built=\u00bb1&#8243; admin_label=\u00bbAbout Coffee\u00bb _builder_version=\u00bb4.16&#8243; background_enable_color=\u00bboff\u00bb use_background_color_gradient=\u00bbon\u00bb background_color_gradient_stops=\u00bbrgba(63,16,1,0.79) 0%|rgba(63,16,1,0.79) 100%\u00bb background_color_gradient_overlays_image=\u00bbon\u00bb background_color_gradient_start=\u00bbrgba(63,16,1,0.79)\u00bb background_color_gradient_end=\u00bbrgba(63,16,1,0.79)\u00bb background_image=\u00bbhttps:\/\/heladeriatimmy.com\/desayunosorpresa\/wp-content\/uploads\/2021\/05\/pizza_compartida.jpg\u00bb background_position=\u00bbtop_center\u00bb custom_padding=\u00bb10%|0px|9.2%|0px||\u00bb da_disable_devices=\u00bboff|off|off\u00bb locked=\u00bboff\u00bb global_colors_info=\u00bb{}\u00bb da_is_popup=\u00bboff\u00bb da_exit_intent=\u00bboff\u00bb da_has_close=\u00bbon\u00bb da_alt_close=\u00bboff\u00bb da_dark_close=\u00bboff\u00bb da_not_modal=\u00bbon\u00bb da_is_singular=\u00bboff\u00bb da_with_loader=\u00bboff\u00bb da_has_shadow=\u00bbon\u00bb][et_pb_row custom_padding_last_edited=\u00bbon|desktop\u00bb admin_label=\u00bbDetails\u00bb _builder_version=\u00bb4.16&#8243; custom_margin=\u00bb|||\u00bb custom_padding=\u00bb|0%||||\u00bb custom_padding_tablet=\u00bb|0px||\u00bb custom_padding_phone=\u00bb|0px||\u00bb custom_width_px=\u00bb1280px\u00bb global_colors_info=\u00bb{}\u00bb][et_pb_column type=\u00bb4_4&#8243; _builder_version=\u00bb4.16&#8243; custom_padding=\u00bb|||\u00bb global_colors_info=\u00bb{}\u00bb custom_padding__hover=\u00bb|||\u00bb][et_pb_image src=\u00bbhttps:\/\/heladeriatimmy.com\/desayunosorpresa\/wp-content\/uploads\/2021\/11\/Logo-700-timmy.fw_.png\u00bb title_text=\u00bbLogo-700-timmy.fw\u00bb align=\u00bbcenter\u00bb _builder_version=\u00bb4.16&#8243; _module_preset=\u00bbdefault\u00bb global_colors_info=\u00bb{}\u00bb][\/et_pb_image][\/et_pb_column][\/et_pb_row][\/et_pb_section]<\/p>\n","protected":false},"excerpt":{"rendered":"","protected":false},"author":2,"featured_media":0,"parent":0,"menu_order":0,"comment_status":"closed","ping_status":"closed","template":"","meta":{"_et_pb_use_builder":"on","_et_pb_old_content":"","_et_gb_content_width":"","_joinchat":{"view":"yes"},"footnotes":""},"class_list":["post-225799","page","type-page","status-publish","hentry"],"yoast_head":"<!-- This site is optimized with the Yoast SEO plugin v27.5 - https:\/\/yoast.com\/product\/yoast-seo-wordpress\/ -->\n<title>Helader\u00eda Timmy<\/title>\n<meta name=\"description\" content=\"Vis\u00edtanos y conoce un punto m\u00e1gico en Cota. Pizzas, helados, papitas, cocteles, sorpresa y mucho m\u00e1s; somos #M\u00e1sQueUnaHelader\u00eda.\" \/>\n<meta name=\"robots\" content=\"index, follow, max-snippet:-1, max-image-preview:large, max-video-preview:-1\" \/>\n<link rel=\"canonical\" href=\"https:\/\/heladeriatimmy.com\/desayunosorpresa\/\" \/>\n<meta property=\"og:locale\" content=\"es_ES\" \/>\n<meta property=\"og:type\" content=\"article\" \/>\n<meta property=\"og:title\" content=\"Helader\u00eda Timmy\" \/>\n<meta property=\"og:description\" content=\"Vis\u00edtanos y conoce un punto m\u00e1gico en Cota. Pizzas, helados, papitas, cocteles, sorpresa y mucho m\u00e1s; somos #M\u00e1sQueUnaHelader\u00eda.\" \/>\n<meta property=\"og:url\" content=\"https:\/\/heladeriatimmy.com\/desayunosorpresa\/\" \/>\n<meta property=\"og:site_name\" content=\"Helader\u00eda Timmy\" \/>\n<meta property=\"article:modified_time\" content=\"2025-06-15T22:46:40+00:00\" \/>\n<meta name=\"twitter:card\" content=\"summary_large_image\" \/>\n<meta name=\"twitter:label1\" content=\"Tiempo de lectura\" \/>\n\t<meta name=\"twitter:data1\" content=\"5 minutos\" \/>\n<script type=\"application\/ld+json\" class=\"yoast-schema-graph\">{\"@context\":\"https:\\\/\\\/schema.org\",\"@graph\":[{\"@type\":\"WebPage\",\"@id\":\"https:\\\/\\\/heladeriatimmy.com\\\/desayunosorpresa\\\/\",\"url\":\"https:\\\/\\\/heladeriatimmy.com\\\/desayunosorpresa\\\/\",\"name\":\"Helader\u00eda Timmy\",\"isPartOf\":{\"@id\":\"https:\\\/\\\/heladeriatimmy.com\\\/desayunosorpresa\\\/#website\"},\"datePublished\":\"2021-11-30T23:06:07+00:00\",\"dateModified\":\"2025-06-15T22:46:40+00:00\",\"description\":\"Vis\u00edtanos y conoce un punto m\u00e1gico en Cota. Pizzas, helados, papitas, cocteles, sorpresa y mucho m\u00e1s; somos #M\u00e1sQueUnaHelader\u00eda.\",\"breadcrumb\":{\"@id\":\"https:\\\/\\\/heladeriatimmy.com\\\/desayunosorpresa\\\/#breadcrumb\"},\"inLanguage\":\"es\",\"potentialAction\":[{\"@type\":\"ReadAction\",\"target\":[\"https:\\\/\\\/heladeriatimmy.com\\\/desayunosorpresa\\\/\"]}]},{\"@type\":\"BreadcrumbList\",\"@id\":\"https:\\\/\\\/heladeriatimmy.com\\\/desayunosorpresa\\\/#breadcrumb\",\"itemListElement\":[{\"@type\":\"ListItem\",\"position\":1,\"name\":\"Home\",\"item\":\"https:\\\/\\\/heladeriatimmy.com\\\/desayunosorpresa\\\/\"},{\"@type\":\"ListItem\",\"position\":2,\"name\":\"Home\"}]},{\"@type\":\"WebSite\",\"@id\":\"https:\\\/\\\/heladeriatimmy.com\\\/desayunosorpresa\\\/#website\",\"url\":\"https:\\\/\\\/heladeriatimmy.com\\\/desayunosorpresa\\\/\",\"name\":\"Helader\u00eda Timmy\",\"description\":\"Deliciosos helados, pizza y mucho m\u00e1s.\",\"potentialAction\":[{\"@type\":\"SearchAction\",\"target\":{\"@type\":\"EntryPoint\",\"urlTemplate\":\"https:\\\/\\\/heladeriatimmy.com\\\/desayunosorpresa\\\/?s={search_term_string}\"},\"query-input\":{\"@type\":\"PropertyValueSpecification\",\"valueRequired\":true,\"valueName\":\"search_term_string\"}}],\"inLanguage\":\"es\"}]}<\/script>\n<!-- \/ Yoast SEO plugin. -->","yoast_head_json":{"title":"Helader\u00eda Timmy","description":"Vis\u00edtanos y conoce un punto m\u00e1gico en Cota. Pizzas, helados, papitas, cocteles, sorpresa y mucho m\u00e1s; somos #M\u00e1sQueUnaHelader\u00eda.","robots":{"index":"index","follow":"follow","max-snippet":"max-snippet:-1","max-image-preview":"max-image-preview:large","max-video-preview":"max-video-preview:-1"},"canonical":"https:\/\/heladeriatimmy.com\/desayunosorpresa\/","og_locale":"es_ES","og_type":"article","og_title":"Helader\u00eda Timmy","og_description":"Vis\u00edtanos y conoce un punto m\u00e1gico en Cota. Pizzas, helados, papitas, cocteles, sorpresa y mucho m\u00e1s; somos #M\u00e1sQueUnaHelader\u00eda.","og_url":"https:\/\/heladeriatimmy.com\/desayunosorpresa\/","og_site_name":"Helader\u00eda Timmy","article_modified_time":"2025-06-15T22:46:40+00:00","twitter_card":"summary_large_image","twitter_misc":{"Tiempo de lectura":"5 minutos"},"schema":{"@context":"https:\/\/schema.org","@graph":[{"@type":"WebPage","@id":"https:\/\/heladeriatimmy.com\/desayunosorpresa\/","url":"https:\/\/heladeriatimmy.com\/desayunosorpresa\/","name":"Helader\u00eda Timmy","isPartOf":{"@id":"https:\/\/heladeriatimmy.com\/desayunosorpresa\/#website"},"datePublished":"2021-11-30T23:06:07+00:00","dateModified":"2025-06-15T22:46:40+00:00","description":"Vis\u00edtanos y conoce un punto m\u00e1gico en Cota. Pizzas, helados, papitas, cocteles, sorpresa y mucho m\u00e1s; somos #M\u00e1sQueUnaHelader\u00eda.","breadcrumb":{"@id":"https:\/\/heladeriatimmy.com\/desayunosorpresa\/#breadcrumb"},"inLanguage":"es","potentialAction":[{"@type":"ReadAction","target":["https:\/\/heladeriatimmy.com\/desayunosorpresa\/"]}]},{"@type":"BreadcrumbList","@id":"https:\/\/heladeriatimmy.com\/desayunosorpresa\/#breadcrumb","itemListElement":[{"@type":"ListItem","position":1,"name":"Home","item":"https:\/\/heladeriatimmy.com\/desayunosorpresa\/"},{"@type":"ListItem","position":2,"name":"Home"}]},{"@type":"WebSite","@id":"https:\/\/heladeriatimmy.com\/desayunosorpresa\/#website","url":"https:\/\/heladeriatimmy.com\/desayunosorpresa\/","name":"Helader\u00eda Timmy","description":"Deliciosos helados, pizza y mucho m\u00e1s.","potentialAction":[{"@type":"SearchAction","target":{"@type":"EntryPoint","urlTemplate":"https:\/\/heladeriatimmy.com\/desayunosorpresa\/?s={search_term_string}"},"query-input":{"@type":"PropertyValueSpecification","valueRequired":true,"valueName":"search_term_string"}}],"inLanguage":"es"}]}},"_links":{"self":[{"href":"https:\/\/heladeriatimmy.com\/desayunosorpresa\/wp-json\/wp\/v2\/pages\/225799","targetHints":{"allow":["GET"]}}],"collection":[{"href":"https:\/\/heladeriatimmy.com\/desayunosorpresa\/wp-json\/wp\/v2\/pages"}],"about":[{"href":"https:\/\/heladeriatimmy.com\/desayunosorpresa\/wp-json\/wp\/v2\/types\/page"}],"author":[{"embeddable":true,"href":"https:\/\/heladeriatimmy.com\/desayunosorpresa\/wp-json\/wp\/v2\/users\/2"}],"replies":[{"embeddable":true,"href":"https:\/\/heladeriatimmy.com\/desayunosorpresa\/wp-json\/wp\/v2\/comments?post=225799"}],"version-history":[{"count":8,"href":"https:\/\/heladeriatimmy.com\/desayunosorpresa\/wp-json\/wp\/v2\/pages\/225799\/revisions"}],"predecessor-version":[{"id":227119,"href":"https:\/\/heladeriatimmy.com\/desayunosorpresa\/wp-json\/wp\/v2\/pages\/225799\/revisions\/227119"}],"wp:attachment":[{"href":"https:\/\/heladeriatimmy.com\/desayunosorpresa\/wp-json\/wp\/v2\/media?parent=225799"}],"curies":[{"name":"wp","href":"https:\/\/api.w.org\/{rel}","templated":true}]}}